{"id":19,"date":"2019-08-20T10:45:42","date_gmt":"2019-08-20T08:45:42","guid":{"rendered":"https:\/\/ferienhaus-juna.de\/?page_id=19"},"modified":"2019-08-27T21:12:05","modified_gmt":"2019-08-27T19:12:05","slug":"beitragseite","status":"publish","type":"page","link":"https:\/\/ferienhaus-juna.de\/","title":{"rendered":"Herzlich Willkommen"},"content":{"rendered":"\n<p><strong>Wir laden Sie herzlich ein<\/strong><br>Verbringen Sie Ihren Urlaub in einer der sch\u00f6nsten Naturregionen Europas, der Pommernschen Seenplatte. Wir bieten Ihnen die M\u00f6glichkeit einen wundersch\u00f6nen und aktiven Familienurlaub zu verbringen.<br>Bei uns k\u00f6nnen Sie baden, angeln, Kajakfahren, segeln, Radfahren oder wandern. Verbringen Sie sch\u00f6ne Abende beim Dart oder Tischtennis. W\u00e4rmen Sie sich am Lagerfeuer oder gem\u00fctlich mit einem Buch am Kamin. Erleben Sie grenzenlose Erholung. <br>Ihre Familie Kobuch<\/p>\n\n\n\n<p><\/p>\n","protected":false},"excerpt":{"rendered":"<p>Wir laden Sie herzlich einVerbringen Sie Ihren Urlaub in einer der sch\u00f6nsten Naturregionen Europas, der Pommernschen Seenplatte. Wir bieten Ihnen die M\u00f6glichkeit einen wundersch\u00f6nen und aktiven Familienurlaub zu verbringen.Bei uns k\u00f6nnen Sie baden, angeln, Kajakfahren, segeln, Radfahren oder wandern. Verbringen Sie sch\u00f6ne Abende beim Dart oder Tischtennis. W\u00e4rmen Sie sich am Lagerfeuer oder gem\u00fctlich mit [&hellip;]<\/p>\n","protected":false},"author":1,"featured_media":99,"parent":0,"menu_order":0,"comment_status":"closed","ping_status":"closed","template":"","meta":{"ngg_post_thumbnail":0,"footnotes":""},"class_list":["post-19","page","type-page","status-publish","has-post-thumbnail","hentry"],"_links":{"self":[{"href":"https:\/\/ferienhaus-juna.de\/index.php?rest_route=\/wp\/v2\/pages\/19","targetHints":{"allow":["GET"]}}],"collection":[{"href":"https:\/\/ferienhaus-juna.de\/index.php?rest_route=\/wp\/v2\/pages"}],"about":[{"href":"https:\/\/ferienhaus-juna.de\/index.php?rest_route=\/wp\/v2\/types\/page"}],"author":[{"embeddable":true,"href":"https:\/\/ferienhaus-juna.de\/index.php?rest_route=\/wp\/v2\/users\/1"}],"replies":[{"embeddable":true,"href":"https:\/\/ferienhaus-juna.de\/index.php?rest_route=%2Fwp%2Fv2%2Fcomments&post=19"}],"version-history":[{"count":11,"href":"https:\/\/ferienhaus-juna.de\/index.php?rest_route=\/wp\/v2\/pages\/19\/revisions"}],"predecessor-version":[{"id":218,"href":"https:\/\/ferienhaus-juna.de\/index.php?rest_route=\/wp\/v2\/pages\/19\/revisions\/218"}],"wp:featuredmedia":[{"embeddable":true,"href":"https:\/\/ferienhaus-juna.de\/index.php?rest_route=\/wp\/v2\/media\/99"}],"wp:attachment":[{"href":"https:\/\/ferienhaus-juna.de\/index.php?rest_route=%2Fwp%2Fv2%2Fmedia&parent=19"}],"curies":[{"name":"wp","href":"https:\/\/api.w.org\/{rel}","templated":true}]}}