{"id":64,"date":"2019-08-20T13:57:51","date_gmt":"2019-08-20T11:57:51","guid":{"rendered":"https:\/\/ferienhaus-juna.de\/?page_id=64"},"modified":"2019-08-29T11:21:22","modified_gmt":"2019-08-29T09:21:22","slug":"sport-freizeit","status":"publish","type":"page","link":"https:\/\/ferienhaus-juna.de\/?page_id=64","title":{"rendered":"Sport &#038; Freizeit"},"content":{"rendered":"\n<p>Wir m\u00f6chten Ihnen  einen aktiven, bewegungs- und abwechslungsreichen Urlaub anbieten. Dazu stellen wir Ihnen kostenlos zahlreiche Spiel und Sportger\u00e4te zur Verf\u00fcgung. <\/p>\n\n\n\n<p>Unser Sportangebot auf einen Blick:<\/p>\n\n\n\n<p>Fahrr\u00e4der, Volleyball, Federball, Spielplatz, zwei Kajaks (davon 1 Familienkajak) , Ruderboot, Baden, Schwimmen, Tischtennis, Darrt, Wandern, Angeln, Windsurfen. In der Stadt Szczecinek haben Sie die M\u00f6glichkeit Segeln zu gehen sowie Wasserski auf einem der l\u00e4ngsten Wasserskilifte Europas zu fahren.<\/p>\n\n\n\n<p>Auf dem Grundst\u00fcck  befindet sich unter anderem ein Freizeit- Volleyball und Federballplatz. Am Haus steht eine gro\u00dfe Schaukel und Sandkasten f\u00fcr die Kleinen. In der Doppelgarage stehen f\u00fcr Sie Fahrr\u00e4der (2x Herren + 2x Damen 26 Zoll Fahrr\u00e4der und ein Jugendrad mit 24 Zoll sowie Kinderr\u00e4der 20 und 22 Zoll) bereit. Hier k\u00f6nnen Sie auch Tischtennis oder Darrt spielen.<\/p>\n\n\n\n<p>Ca. 400 Meter von Haus entfernt befindet sich ein Pfadfinderkamp, wo Sie freien Zugang zu einem Strand mit flachem Wasser (super f\u00fcr Kinder) haben. Hier liegt auch unsere Wassersportausr\u00fcstung zu Ihrer Verf\u00fcgung . Schwimmwesten in verschiedenen Gr\u00f6\u00dfen XS-XXL finden Sie im Haus. <\/p>\n\n\n\n<p>Neben kleinen Ausfl\u00fcgen auf dem See gibt es die M\u00f6glichkeit eine Kajaktour \u00fcber die Neustettiner Seen zu unternehmen. Die Neustettiner Schleife ist 71 Km lang, f\u00fchrt durch 3 Fl\u00fcsse und 9 Seen und ist voll \u00dcberraschungen und sch\u00f6nen Aussichten. Die Tour ist in 2 bis 4 Tagen zu bew\u00e4ltigen.<\/p>\n\n\n\n<p>Bei uns kommen auch Angler, Wanderer und Pilzesammler voll auf ihre Kosten!<\/p>\n\n\n\nngg_shortcode_0_placeholder\n","protected":false},"excerpt":{"rendered":"<p>Wir m\u00f6chten Ihnen einen aktiven, bewegungs- und abwechslungsreichen Urlaub anbieten. Dazu stellen wir Ihnen kostenlos zahlreiche Spiel und Sportger\u00e4te zur Verf\u00fcgung. Unser Sportangebot auf einen Blick: Fahrr\u00e4der, Volleyball, Federball, Spielplatz, zwei Kajaks (davon 1 Familienkajak) , Ruderboot, Baden, Schwimmen, Tischtennis, Darrt, Wandern, Angeln, Windsurfen. In der Stadt Szczecinek haben Sie die M\u00f6glichkeit Segeln zu gehen [&hellip;]<\/p>\n","protected":false},"author":1,"featured_media":65,"parent":0,"menu_order":0,"comment_status":"closed","ping_status":"closed","template":"","meta":{"ngg_post_thumbnail":0,"footnotes":""},"class_list":["post-64","page","type-page","status-publish","has-post-thumbnail","hentry"],"_links":{"self":[{"href":"https:\/\/ferienhaus-juna.de\/index.php?rest_route=\/wp\/v2\/pages\/64","targetHints":{"allow":["GET"]}}],"collection":[{"href":"https:\/\/ferienhaus-juna.de\/index.php?rest_route=\/wp\/v2\/pages"}],"about":[{"href":"https:\/\/ferienhaus-juna.de\/index.php?rest_route=\/wp\/v2\/types\/page"}],"author":[{"embeddable":true,"href":"https:\/\/ferienhaus-juna.de\/index.php?rest_route=\/wp\/v2\/users\/1"}],"replies":[{"embeddable":true,"href":"https:\/\/ferienhaus-juna.de\/index.php?rest_route=%2Fwp%2Fv2%2Fcomments&post=64"}],"version-history":[{"count":2,"href":"https:\/\/ferienhaus-juna.de\/index.php?rest_route=\/wp\/v2\/pages\/64\/revisions"}],"predecessor-version":[{"id":123,"href":"https:\/\/ferienhaus-juna.de\/index.php?rest_route=\/wp\/v2\/pages\/64\/revisions\/123"}],"wp:featuredmedia":[{"embeddable":true,"href":"https:\/\/ferienhaus-juna.de\/index.php?rest_route=\/wp\/v2\/media\/65"}],"wp:attachment":[{"href":"https:\/\/ferienhaus-juna.de\/index.php?rest_route=%2Fwp%2Fv2%2Fmedia&parent=64"}],"curies":[{"name":"wp","href":"https:\/\/api.w.org\/{rel}","templated":true}]}}