{"id":87,"date":"2019-08-21T12:06:55","date_gmt":"2019-08-21T10:06:55","guid":{"rendered":"https:\/\/ferienhaus-juna.de\/?page_id=87"},"modified":"2019-08-30T13:02:51","modified_gmt":"2019-08-30T11:02:51","slug":"ausflugmoeglichkeiten","status":"publish","type":"page","link":"https:\/\/ferienhaus-juna.de\/?page_id=87","title":{"rendered":"Ausflugm\u00f6glichkeiten"},"content":{"rendered":"\n<p>Ca. 25 Km entfernt liegt zwischen zwei Seen wundersch\u00f6n gelegene Stadt Szczecinek (Neustettin).  Hier k\u00f6nnen Sie Stadtbummeln, Essengehen und gro\u00dfe Eink\u00e4ufe t\u00e4tigen. Sie haben auch die M\u00f6glichkeit in einem Modernen Hallenbad schwimmen zu gehen. Eine besondere Attraktion f\u00fcr Wassersportler bietet hier auch der mit \u00fcber 1000 m einer der l\u00e4ngsten Wasserskilifte Europas.<\/p>\n\n\n\n<p>Wenn Sie mal einen Tag am Strand der Ostsee verbringen wollen erreichen sie den beliebten Ferienort Mielno (ca.65km) in 45 min.<\/p>\n\n\n\n<p>In der Region um Neustettin sind befinden sich unz\u00e4hlige Bunker des Pommernwalls aus dem Zweitem Weltkrieg, die sicherlich Abenteurer und Entdecker anziehen.<\/p>\n\n\n\n<p>Es ist sicherlich empfehlenswert, einen Tagesausflug nach Danzig zu unternehmen (ca. 170 Km), wo Sie den Charme einer wundersch\u00f6nen Hansestadt f\u00fchlen k\u00f6nnen.<\/p>\n\n\n\nngg_shortcode_0_placeholder\n","protected":false},"excerpt":{"rendered":"<p>Ca. 25 Km entfernt liegt zwischen zwei Seen wundersch\u00f6n gelegene Stadt Szczecinek (Neustettin). Hier k\u00f6nnen Sie Stadtbummeln, Essengehen und gro\u00dfe Eink\u00e4ufe t\u00e4tigen. Sie haben auch die M\u00f6glichkeit in einem Modernen Hallenbad schwimmen zu gehen. Eine besondere Attraktion f\u00fcr Wassersportler bietet hier auch der mit \u00fcber 1000 m einer der l\u00e4ngsten Wasserskilifte Europas. Wenn Sie mal [&hellip;]<\/p>\n","protected":false},"author":1,"featured_media":162,"parent":0,"menu_order":0,"comment_status":"closed","ping_status":"closed","template":"","meta":{"ngg_post_thumbnail":0,"footnotes":""},"class_list":["post-87","page","type-page","status-publish","has-post-thumbnail","hentry"],"_links":{"self":[{"href":"https:\/\/ferienhaus-juna.de\/index.php?rest_route=\/wp\/v2\/pages\/87","targetHints":{"allow":["GET"]}}],"collection":[{"href":"https:\/\/ferienhaus-juna.de\/index.php?rest_route=\/wp\/v2\/pages"}],"about":[{"href":"https:\/\/ferienhaus-juna.de\/index.php?rest_route=\/wp\/v2\/types\/page"}],"author":[{"embeddable":true,"href":"https:\/\/ferienhaus-juna.de\/index.php?rest_route=\/wp\/v2\/users\/1"}],"replies":[{"embeddable":true,"href":"https:\/\/ferienhaus-juna.de\/index.php?rest_route=%2Fwp%2Fv2%2Fcomments&post=87"}],"version-history":[{"count":1,"href":"https:\/\/ferienhaus-juna.de\/index.php?rest_route=\/wp\/v2\/pages\/87\/revisions"}],"predecessor-version":[{"id":88,"href":"https:\/\/ferienhaus-juna.de\/index.php?rest_route=\/wp\/v2\/pages\/87\/revisions\/88"}],"wp:featuredmedia":[{"embeddable":true,"href":"https:\/\/ferienhaus-juna.de\/index.php?rest_route=\/wp\/v2\/media\/162"}],"wp:attachment":[{"href":"https:\/\/ferienhaus-juna.de\/index.php?rest_route=%2Fwp%2Fv2%2Fmedia&parent=87"}],"curies":[{"name":"wp","href":"https:\/\/api.w.org\/{rel}","templated":true}]}}